{"id":329,"date":"2020-06-29T15:59:17","date_gmt":"2020-06-29T13:59:17","guid":{"rendered":"http:\/\/www.mein-seelenkompass.ch\/wordpress\/?page_id=329"},"modified":"2020-10-05T19:11:21","modified_gmt":"2020-10-05T17:11:21","slug":"datenschutzerklaerung","status":"publish","type":"page","link":"https:\/\/www.mein-seelenkompass.ch\/wordpress\/?page_id=329","title":{"rendered":"Datenschutzerkl\u00e4rung"},"content":{"rendered":"<h1>Datenschutzerkl\u00e4rung &#8222;Mein Seelenkompass&#8220;<\/h1>\n<p><strong>Erhebung, Verarbeitung und Nutzung personenbezogener Daten<\/strong><\/p>\n<p><strong>&nbsp;<\/strong><\/p>\n<p>Bei einem Besuch dieser Website erheben wir keine personenbezogenen Daten von Ihnen. Personenbezogene Daten (Name, Adresse, E-Mail-Adresse) werden nur erhoben, wenn Sie uns diese selbst \u00fcber das Anmeldeformular mitteilen. Diese Daten werden ausschliesslich zur Abwicklung der Anmeldung genutzt. Auf Ihren ausdr\u00fccklichen Wunsch werden diese Daten sofort gel\u00f6scht. Es werden keine Daten an Dritte weitergegeben.&nbsp;<\/p>\n<p><\/p>\n<\/p>\n<p><strong>Verwendung von eigenen Cookies<\/strong><\/p>\n<p><strong>&nbsp;<\/strong><\/p>\n<p>Beim Aufruf bestimmter&nbsp;Seiten wird ein so genanntes \u00abSession-Cookie\u00bb gesetzt. Hierbei handelt es sich um eine kleine Textdatei, die nach Ende der Browser-Sitzung automatisch wieder von Ihrem Computer gel\u00f6scht wird. Diese Datei dient ausschliesslich dazu, bestimmte Applikationen nutzen zu k\u00f6nnen. Sie k\u00f6nnen bei den meisten Webbrowsern die Einstellungen so \u00e4ndern, dass Ihr Browser neue Cookies nicht akzeptiert oder Sie k\u00f6nnen erhaltene Cookies l\u00f6schen. Wie dies konkret f\u00fcr Ihren Browser funktioniert, kann in der Regel \u00fcber dessen Hilfe-Funktion in Erfahrung gebracht werden.<\/p>\n<p>&nbsp;<\/p>\n<\/p>\n<p><strong>Server-Log-Dateien<\/strong><\/p>\n<p><strong>&nbsp;<\/strong><\/p>\n<p>Wie bei jeder Verbindung mit einem Webserver protokolliert und speichert der Server unseres Webhosting-Anbieters Hosttech in Richterswil, Schweiz, bestimmte technische Daten. Zu diesen Daten geh\u00f6ren die IP-Adresse, das Betriebssystem Ihres Ger\u00e4t, die Zugriffszeit, die Art des Browsers sowie die Browser-Anfrage inklusive der Herkunft der Anfrage (Referrer). Hierbei handelt es sich ausschlie\u00dflich um Informationen, welche keine R\u00fcckschl\u00fcsse auf Ihre Person zulassen. Dies ist aus technischen Gr\u00fcnden erforderlich, um Ihnen unsere Website zur Verf\u00fcgung zu stellen. Der Webhosting-Anbieter sch\u00fctzt diese Daten mit technischen und organisatorischen Massnahmen vor unerlaubten Zugriffen und gibt sie nicht an Dritte weiter. Damit werden die Sicherheit und Stabilit\u00e4t unserer Systeme gew\u00e4hrleistet.<\/p>\n<p><\/p>\n<\/p>\n<p><strong>Anmeldeformular<\/strong><\/p>\n<p><strong>&nbsp;<\/strong><\/p>\n<p>Treten Sie bzgl. Fragen jeglicher Art per E-Mail oder Kontaktformular mit uns in Kontakt, erteilen Sie uns zum Zwecke der Kontaktaufnahme Ihre freiwillige Einwilligung. Hierf\u00fcr ist die Angabe einer validen E-Mail-Adresse und Ihr Name erforderlich. Diese Angaben dienen der Zuordnung der Anfrage und der anschlie\u00dfenden pers\u00f6nlichen Beantwortung derselben. Die Angabe weiterer Daten ist optional. Die von Ihnen gemachten Angaben werden zum Zwecke der Bearbeitung der Anfrage sowie f\u00fcr m\u00f6gliche Anschlussfragen gespeichert.<\/p>\n<p><\/p>\n<\/p>\n<p><strong>SSL-Verschl\u00fcsselung<\/strong><\/p>\n<p><strong>&nbsp;<\/strong><\/p>\n<p>Um die Sicherheit Ihrer Daten bei der \u00dcbertragung zu sch\u00fctzen, verwenden wir dem aktuellen Stand der Technik entsprechende Verschl\u00fcsselungsverfahren (z. B. SSL) \u00fcber HTTPS.<\/p>\n<p><\/p>\n<\/p>\n<p><strong>Newsletter&nbsp;<\/strong><\/p>\n<p><strong>&nbsp;<\/strong><\/p>\n<p style=\"line-height: normal; background-image: initial; background-position: initial; background-size: initial; background-repeat: initial; background-attachment: initial; background-origin: initial; background-clip: initial;\">Wir nutzen f\u00fcr den Newsletterversand das Plugin MailPoet. Der Newsletter enth\u00e4lt Informationen rund um mein Unternehmen, aktuelle Angebote und News rund um verschiedenen Themengebiete meiner T\u00e4tigkeit. F\u00fcr die Anmeldung gen\u00fcgt es, wenn Sie im Anmeldefeld Ihre Daten mitteilen und die Kenntnis der Datenschutzbestimmungen best\u00e4tigen.<\/p>\n<p style=\"line-height: normal; background-image: initial; background-position: initial; background-size: initial; background-repeat: initial; background-attachment: initial; background-origin: initial; background-clip: initial;\">Die Anmeldung zum Newsletter erfolgt im Double-Opt-In. Sie erhalten nach Ihrer Anmeldung auf unserer Webseite eine E-Mail, in der Sie diese Anmeldung nochmals best\u00e4tigen. Erst dann werde ich Ihnen Newsletter zusenden.<\/p>\n<p style=\"line-height: normal; background-image: initial; background-position: initial; background-size: initial; background-repeat: initial; background-attachment: initial; background-origin: initial; background-clip: initial;\">Ich werte den an Sie versandten Newsletter hinsichtlich Klick- und \u00d6ffnungsrate, Abmeldungen und Falschzustellungen aus. Ihre Daten werden ausschliesslich in meiner Datenbank gespeichert. Eine Weitergabe an Dritte erfolgt nicht.<\/p>\n<\/p>\n<p style=\"line-height: normal; background-image: initial; background-position: initial; background-size: initial; background-repeat: initial; background-attachment: initial; background-origin: initial; background-clip: initial;\">Sie k\u00f6nnen den Newsletter jederzeit k\u00fcndigen. Entweder durch den Link im Newsletter selbst, oder durch eine Mail an mich. Wir werden Sie dann austragen.<\/p>\n<p style=\"line-height: normal; background-image: initial; background-position: initial; background-size: initial; background-repeat: initial; background-attachment: initial; background-origin: initial; background-clip: initial;\"><\/p>\n<\/p>\n<p><strong>Verwendung von Google Maps<\/strong><\/p>\n<p><strong>&nbsp;<\/strong><\/p>\n<p>Auf dieser Webseite nutzen wir das Angebot von Google Maps. Google Maps wird von Google LLC, 1600 Amphitheatre Parkway, Mountain View, CA 94043, USA (nachfolgend \u201eGoogle\u201c) betrieben. Dadurch k\u00f6nnen wir Ihnen Karten direkt in der Webseite anzeigen und erm\u00f6glichen Ihnen die komfortable Nutzung der Karten-Funktion.<\/p>\n<p>N\u00e4here Informationen \u00fcber die Datenverarbeitung durch Google k\u00f6nnen Sie den Google-Datenschutzhinweisen entnehmen. Dort k\u00f6nnen Sie im Datenschutzcenter auch Ihre pers\u00f6nlichen Datenschutz-Einstellungen ver\u00e4ndern.<\/p>\n<p>Durch eine entsprechende Einstellung in Ihrem Browser k\u00f6nnen Sie die Speicherung der Cookies verhindern oder wieder l\u00f6schen.<\/p>\n<p><\/p>\n<\/p>\n<p style=\"line-height: normal; background-image: initial; background-position: initial; background-size: initial; background-repeat: initial; background-attachment: initial; background-origin: initial; background-clip: initial;\"><b>Google Analytics&nbsp;<\/b><\/p>\n<p style=\"line-height: normal; background-image: initial; background-position: initial; background-size: initial; background-repeat: initial; background-attachment: initial; background-origin: initial; background-clip: initial;\"><b>&nbsp;<\/b><\/p>\n<p style=\"line-height: normal; background-image: initial; background-position: initial; background-size: initial; background-repeat: initial; background-attachment: initial; background-origin: initial; background-clip: initial;\">Diese Website nutzt Google Analytics, einen Webanalysedienst der Google Inc., 1600 Amphitheatre Parkway, Mountain View, CA 94043, USA. Google Analytics verwendet sog. \u00abCookies\u00bb, d.h. Textdateien, die auf Ihrem Computer gespeichert werden und die eine Analyse der Benutzung der Website durch Sie erm\u00f6glichen.<\/p>\n<p style=\"line-height: normal; background-image: initial; background-position: initial; background-size: initial; background-repeat: initial; background-attachment: initial; background-origin: initial; background-clip: initial;\">Google nutzt diese Informationen, um im Auftrag des Betreibers dieser Website Ihre Nutzung der Website auszuwerten, um Reports \u00fcber die Websiteaktivit\u00e4ten zusammenzustellen und um weitere mit der Websitenutzung und der Internetnutzung verbundene Dienstleistungen gegen\u00fcber dem Websitebetreiber zu erbringen. Die im Rahmen von Google Analytics von Ihrem Browser \u00fcbermittelte IP-Adresse wird nicht mit anderen Daten von Google zusammengef\u00fchrt.<\/p>\n<\/p>\n<p style=\"line-height: normal; background-image: initial; background-position: initial; background-size: initial; background-repeat: initial; background-attachment: initial; background-origin: initial; background-clip: initial;\">Durch eine entsprechende Einstellung in Ihrem Browser k\u00f6nnen Sie die Speicherung der Cookies verhindern oder wieder l\u00f6schen.<\/p>\n<p style=\"line-height: normal; background-image: initial; background-position: initial; background-size: initial; background-repeat: initial; background-attachment: initial; background-origin: initial; background-clip: initial;\"><\/p>\n<p style=\"line-height: normal; background-image: initial; background-position: initial; background-size: initial; background-repeat: initial; background-attachment: initial; background-origin: initial; background-clip: initial;\">\n<p><strong>Verwendung von Scriptbibliotheken (Google Webfonts)<\/strong><\/p>\n<p><strong>&nbsp;<\/strong><\/p>\n<p>Um unsere Inhalte browser\u00fcbergreifend korrekt und grafisch ansprechend darzustellen, verwenden wir auf dieser Website \u201eGoogle Web Fonts\u201c der Google LLC (1600 Amphitheatre Parkway, Mountain View, CA 94043, USA; nachfolgend \u201eGoogle\u201c) zur Darstellung von Schriften.<\/p>\n<p>Die Datenschutzrichtlinie des Bibliothekbetreibers Google finden Sie hier:&nbsp;&nbsp;<a style=\"font-size: 14px;\" href=\"http:\/\/Erhebung, Verarbeitung und Nutzung personenbezogener Daten Bei einem Besuch dieser Website erheben wir keine personenbezogenen Daten von Ihnen. Personenbezogene Daten (Name, Adresse, E-Mail-Adresse) werden nur erhoben, wenn Sie uns diese selbst \u00fcber das Anmeldeformular mitteilen. Diese Daten werden ausschliesslich zur Abwicklung der Anmeldung genutzt. Auf Ihren ausdr\u00fccklichen Wunsch werden diese Daten sofort gel\u00f6scht. Es werden keine Daten an Dritte weitergegeben. Verwendung von eigenen Cookies Beim Aufruf bestimmter Seiten wird ein so genanntes \u00abSession-Cookie\u00bb gesetzt. Hierbei handelt es sich um eine kleine Textdatei, die nach Ende der Browser-Sitzung automatisch wieder von Ihrem Computer gel\u00f6scht wird. Diese Datei dient ausschliesslich dazu, bestimmte Applikationen nutzen zu k\u00f6nnen. Sie k\u00f6nnen bei den meisten Webbrowsern die Einstellungen so \u00e4ndern, dass Ihr Browser neue Cookies nicht akzeptiert oder Sie k\u00f6nnen erhaltene Cookies l\u00f6schen. Wie dies konkret f\u00fcr Ihren Browser funktioniert, kann in der Regel \u00fcber dessen Hilfe-Funktion in Erfahrung gebracht werden. Server-Log-Dateien Wie bei jeder Verbindung mit einem Webserver protokolliert und speichert der Server unseres Webhosting-Anbieters Hosttech in Richterswil, Schweiz, bestimmte technische Daten. Zu diesen Daten geh\u00f6ren die IP-Adresse, das Betriebssystem Ihres Ger\u00e4t, die Zugriffszeit, die Art des Browsers sowie die Browser-Anfrage inklusive der Herkunft der Anfrage (Referrer). Hierbei handelt es sich ausschlie\u00dflich um Informationen, welche keine R\u00fcckschl\u00fcsse auf Ihre Person zulassen. Dies ist aus technischen Gr\u00fcnden erforderlich, um Ihnen unsere Website zur Verf\u00fcgung zu stellen. Der Webhosting-Anbieter sch\u00fctzt diese Daten mit technischen und organisatorischen Massnahmen vor unerlaubten Zugriffen und gibt sie nicht an Dritte weiter. Damit werden die Sicherheit und Stabilit\u00e4t unserer Systeme gew\u00e4hrleistet. Kontaktformular Treten Sie bzgl. Fragen jeglicher Art per E-Mail oder Kontaktformular mit uns in Kontakt, erteilen Sie uns zum Zwecke der Kontaktaufnahme Ihre freiwillige Einwilligung. Hierf\u00fcr ist die Angabe einer validen E-Mail-Adresse und Ihr Name erforderlich. Diese Angaben dienen der Zuordnung der Anfrage und der anschlie\u00dfenden pers\u00f6nlichen Beantwortung derselben. Die Angabe weiterer Daten ist optional. Die von Ihnen gemachten Angaben werden zum Zwecke der Bearbeitung der Anfrage sowie f\u00fcr m\u00f6gliche Anschlussfragen gespeichert. SSL-Verschl\u00fcsselung Um die Sicherheit Ihrer Daten bei der \u00dcbertragung zu sch\u00fctzen, verwenden wir dem aktuellen Stand der Technik entsprechende Verschl\u00fcsselungsverfahren (z. B. SSL) \u00fcber HTTPS. Newsletter Wenn Sie sich f\u00fcr unseren Newsletter mit Ihrer E-Mail-Adresse angemeldet haben, speichern und nutzen wir Ihre E-Mail-Adresse f\u00fcr die \u00dcbersendung unseres Newsletters mit Informationen und Werbung \u00fcber uns, bis Sie sich von unserem Newsletter abgemeldet haben. F\u00fcr unseren Newsletter-Service nutzen wir den Newsletter-Dienst \u00abMailchimp\u00bb der Rocket Sience Group LLC, 675 Ponce de Leon Ave NE, Suite 5000 Atlanta, GA 30308. Wenn Sie Ihre E-Mail-Adresse f\u00fcr den Erhalt des Newsletters eintragen, wird diese zun\u00e4chst bei MailChimp f\u00fcr den Zweck gespeichert, dem Inhaber eine E-Mail zuzusenden, in der er\/sie die Anmeldung zu dem Newsletterversand best\u00e4tigen kann (\u00abDouble-Opt-In\u00bb). Nach einer solchen Best\u00e4tigung wird die E-Mail-Adresse dauerhaft beim MailChimp gespeichert, bis sie sich von dem Newsletterempfang abgemeldet haben oder sie von uns gel\u00f6scht wird. MailChimp speichert das Datum der Anmeldung sowie die IP-Adresse, unter der die Anmeldung erfolgt ist. Eine weiterf\u00fchrende Nutzung ihrer IP-Adresse erfolgt nicht. Wir weisen darauf hin, dass die Daten, die \u00fcber MailChimp erhoben und genutzt werden, auf Rechnern in den USA gespeichert und verarbeitet werden. Mit Ihrer Einwilligung in den Empfang unseres Newsletters erkl\u00e4ren Sie sich hiermit einverstanden. Sie k\u00f6nnen sich jederzeit von unserem Newsletter abmelden. In jeder E-Mail mit unserem Newsletter ist ein Abmeldelink enthalten. Sie k\u00f6nnen auch jederzeit Ihre Einwilligung in die Nutzung ihrer E-Mail-Adresse f\u00fcr die Zukunft uns gegen\u00fcber widerrufen. Nutzen Sie hierzu bitte die unten angegeben Kontaktm\u00f6glichkeiten. Verwendung von Google Maps Auf dieser Webseite nutzen wir das Angebot von Google Maps. Google Maps wird von Google LLC, 1600 Amphitheatre Parkway, Mountain View, CA 94043, USA (nachfolgend \u201eGoogle\u201c) betrieben. Dadurch k\u00f6nnen wir Ihnen Karten direkt in der Webseite anzeigen und erm\u00f6glichen Ihnen die komfortable Nutzung der Karten-Funktion. N\u00e4here Informationen \u00fcber die Datenverarbeitung durch Google k\u00f6nnen Sie den Google-Datenschutzhinweisen entnehmen. Dort k\u00f6nnen Sie im Datenschutzcenter auch Ihre pers\u00f6nlichen Datenschutz-Einstellungen ver\u00e4ndern. Durch eine entsprechende Einstellung in Ihrem Browser k\u00f6nnen Sie die Speicherung der Cookies verhindern oder wieder l\u00f6schen. Verwendung von Scriptbibliotheken (Google Webfonts) Um unsere Inhalte browser\u00fcbergreifend korrekt und grafisch ansprechend darzustellen, verwenden wir auf dieser Website \u201eGoogle Web Fonts\u201c der Google LLC (1600 Amphitheatre Parkway, Mountain View, CA 94043, USA; nachfolgend \u201eGoogle\u201c) zur Darstellung von Schriften. Die Datenschutzrichtlinie des Bibliothekbetreibers Google finden Sie hier: https:\/\/www.google.com\/policies\/privacy\/ Ihre Rechte Ihnen stehen grunds\u00e4tzlich die Rechte auf Auskunft, Berichtigung, L\u00f6schung, Einschr\u00e4nkung, Daten\u00fcbertragbarkeit, Widerruf und Widerspruch zu. Wenn Sie glauben, dass die Verarbeitung Ihrer Daten gegen das Datenschutzrecht verst\u00f6sst oder Ihre datenschutzrechtlichen Anspr\u00fcche sonst in einer Weise verletzt worden sind, k\u00f6nnen Sie sich bei der Aufsichtsbeh\u00f6rde beschweren. Haftungsausschluss Der Autor \u00fcbernimmt keinerlei Gew\u00e4hr hinsichtlich der inhaltlichen Richtigkeit, Genauigkeit, Aktualit\u00e4t, Zuverl\u00e4ssigkeit und Vollst\u00e4ndigkeit der Informationen. Haftungsanspr\u00fcche gegen den Autor wegen Sch\u00e4den materieller oder immaterieller Art, welche aus dem Zugriff oder der Nutzung bzw. Nichtnutzung der ver\u00f6ffentlichten Informationen, durch Missbrauch der Verbindung oder durch technische St\u00f6rungen entstanden sind, werden ausgeschlossen. Alle Angebote sind unverbindlich. Der Autor beh\u00e4lt es sich ausdr\u00fccklich vor, Teile der Seiten oder das gesamte Angebot ohne gesonderte Ank\u00fcndigung zu ver\u00e4ndern, zu erg\u00e4nzen, zu l\u00f6schen oder die Ver\u00f6ffentlichung zeitweise oder endg\u00fcltig einzustellen. Haftung f\u00fcr Links Verweise und Links auf Webseiten Dritter liegen ausserhalb unseres Verantwortungsbereichs. Es wird jegliche Verantwortung f\u00fcr solche Webseiten abgelehnt. Der Zugriff und die Nutzung solcher Webseiten erfolgen auf eigene Gefahr des Nutzers oder der Nutzerin. Urheberrechte Die Urheber- und alle anderen Rechte an Inhalten, Bildern, Fotos oder anderen Dateien auf der Website geh\u00f6ren ausschliesslich Herbert Meyer oder den speziell genannten Rechtsinhabern. F\u00fcr die Reproduktion jeglicher Elemente ist die schriftliche Zustimmung der Urheberrechtstr\u00e4ger im Voraus einzuholen. Sie erreichen mich unter folgenden Kontaktdaten: Mein Seelenkompass Pia ManuRa Blaser Goldernstrasse 28 CH-5000 Aarau +41 62 724 17 14 pia.blaser@bluewin.ch\" target=\"_blank\" rel=\"noopener noreferrer\">https:\/\/www.google.com\/policies\/privacy\/<\/a><\/p>\n<p><\/p>\n<\/p>\n<p><strong>Ihre Rechte<\/strong><\/p>\n<p><strong>&nbsp;<\/strong><\/p>\n<p>Ihnen stehen grunds\u00e4tzlich die Rechte auf Auskunft, Berichtigung, L\u00f6schung, Einschr\u00e4nkung, Daten\u00fcbertragbarkeit, Widerruf und Widerspruch zu. Wenn Sie glauben, dass die Verarbeitung Ihrer Daten gegen das Datenschutzrecht verst\u00f6sst oder Ihre datenschutzrechtlichen Anspr\u00fcche sonst in einer Weise verletzt worden sind, k\u00f6nnen Sie sich bei der Aufsichtsbeh\u00f6rde beschweren.<\/p>\n<p><\/p>\n<\/p>\n<p><strong>Haftungsausschluss<\/strong><\/p>\n<p><strong>&nbsp;<\/strong><\/p>\n<p>Der Autor \u00fcbernimmt keinerlei Gew\u00e4hr hinsichtlich der inhaltlichen Richtigkeit, Genauigkeit, Aktualit\u00e4t, Zuverl\u00e4ssigkeit und Vollst\u00e4ndigkeit der Informationen.<\/p>\n<p>Haftungsanspr\u00fcche gegen den Autor wegen Sch\u00e4den materieller oder immaterieller Art, welche aus dem Zugriff oder der Nutzung bzw. Nichtnutzung der ver\u00f6ffentlichten Informationen, durch Missbrauch der Verbindung oder durch technische St\u00f6rungen entstanden sind, werden ausgeschlossen.<\/p>\n<p>Alle Angebote sind unverbindlich. Der Autor beh\u00e4lt es sich ausdr\u00fccklich vor, Teile der Seiten oder das gesamte Angebot ohne gesonderte Ank\u00fcndigung zu ver\u00e4ndern, zu erg\u00e4nzen, zu l\u00f6schen oder die Ver\u00f6ffentlichung zeitweise oder endg\u00fcltig einzustellen.<\/p>\n<p><\/p>\n<\/p>\n<p><strong>Haftung f\u00fcr Links<\/strong><\/p>\n<p><strong>&nbsp;<\/strong><\/p>\n<p>Verweise und Links auf Webseiten Dritter liegen ausserhalb unseres Verantwortungsbereichs. Es wird jegliche Verantwortung f\u00fcr solche Webseiten abgelehnt. Der Zugriff und die Nutzung solcher Webseiten erfolgen auf eigene Gefahr des Nutzers oder der Nutzerin.<\/p>\n<p><\/p>\n<\/p>\n<p><strong>Urheberrechte<\/strong><\/p>\n<p><strong>&nbsp;<\/strong><\/p>\n<p>Die Urheber- und alle anderen Rechte an Inhalten, Bildern, Fotos oder anderen Dateien auf der Website geh\u00f6ren ausschliesslich Pia Blaser oder den speziell genannten Rechtsinhabern. F\u00fcr die Reproduktion jeglicher Elemente ist die schriftliche Zustimmung der Urheberrechtstr\u00e4ger im Voraus einzuholen.<\/p>\n<\/p>\n<p>Sie erreichen mich unter folgenden Kontaktdaten:<\/p>\n<p><\/p>\n<\/p>\n<p>Pia ManuRa Blaser<br \/>Alte Distelbergstrasse 11<br \/>CH-5035 Unterentfelden<br \/>+41 62 724 17 14<br \/><a href=\"mailto:pia.blaser@bluewin.ch\">pia.blaser@bluewin.ch<\/a><\/p>\n<p>&nbsp;<br \/>\n&nbsp;<br \/>\n&nbsp;<\/p>\n","protected":false},"excerpt":{"rendered":"<p>Datenschutzerkl\u00e4rung &#8222;Mein Seelenkompass&#8220; Erhebung, Verarbeitung und Nutzung personenbezogener Daten &nbsp; Bei einem Besuch dieser Website erheben wir keine personenbezogenen Daten von Ihnen. Personenbezogene Daten (Name, Adresse, E-Mail-Adresse) werden nur erhoben, wenn Sie uns diese selbst \u00fcber das Anmeldeformular mitteilen. Diese Daten werden ausschliesslich zur Abwicklung der Anmeldung genutzt. Auf Ihren ausdr\u00fccklichen Wunsch werden diese Daten [&hellip;]<\/p>\n","protected":false},"author":3,"featured_media":0,"parent":0,"menu_order":0,"comment_status":"closed","ping_status":"closed","template":"elementor_canvas","meta":{"footnotes":""},"class_list":["post-329","page","type-page","status-publish","hentry"],"_links":{"self":[{"href":"https:\/\/www.mein-seelenkompass.ch\/wordpress\/index.php?rest_route=\/wp\/v2\/pages\/329","targetHints":{"allow":["GET"]}}],"collection":[{"href":"https:\/\/www.mein-seelenkompass.ch\/wordpress\/index.php?rest_route=\/wp\/v2\/pages"}],"about":[{"href":"https:\/\/www.mein-seelenkompass.ch\/wordpress\/index.php?rest_route=\/wp\/v2\/types\/page"}],"author":[{"embeddable":true,"href":"https:\/\/www.mein-seelenkompass.ch\/wordpress\/index.php?rest_route=\/wp\/v2\/users\/3"}],"replies":[{"embeddable":true,"href":"https:\/\/www.mein-seelenkompass.ch\/wordpress\/index.php?rest_route=%2Fwp%2Fv2%2Fcomments&post=329"}],"version-history":[{"count":21,"href":"https:\/\/www.mein-seelenkompass.ch\/wordpress\/index.php?rest_route=\/wp\/v2\/pages\/329\/revisions"}],"predecessor-version":[{"id":436,"href":"https:\/\/www.mein-seelenkompass.ch\/wordpress\/index.php?rest_route=\/wp\/v2\/pages\/329\/revisions\/436"}],"wp:attachment":[{"href":"https:\/\/www.mein-seelenkompass.ch\/wordpress\/index.php?rest_route=%2Fwp%2Fv2%2Fmedia&parent=329"}],"curies":[{"name":"wp","href":"https:\/\/api.w.org\/{rel}","templated":true}]}}